{"id":297,"date":"2023-04-13T06:52:03","date_gmt":"2023-04-13T06:52:03","guid":{"rendered":"https:\/\/autix.eu\/?page_id=297"},"modified":"2023-04-13T07:41:10","modified_gmt":"2023-04-13T07:41:10","slug":"tester","status":"publish","type":"page","link":"https:\/\/autix.eu\/pl\/tester\/","title":{"rendered":"Tester"},"content":{"rendered":"<p>Poszukujemy kandydat\u00f3w, kt\u00f3rzy s\u0105 zainteresowani rozpocz\u0119ciem kariery w testowaniu oprogramowania. Je\u015bli jeste\u015b zainteresowany prac\u0105 w IT, mamy dla Ciebie \u015bwietn\u0105 okazj\u0119.<\/p>\n\n\n\n<p>Opis oferty pracy:<\/p>\n\n\n\n<ul><li>Testowanie r\u0119czne oprogramowania i weryfikacja jego poprawnej funkcjonalno\u015bci<\/li><li>Tworzenie plan\u00f3w i scenariuszy test\u00f3w<\/li><li>\u015aledzenie i raportowanie wynik\u00f3w bada\u0144<\/li><li>Wsp\u00f3\u0142praca z programistami i innymi cz\u0142onkami zespo\u0142u w celu poprawy jako\u015bci oprogramowania<\/li><li>Zapewnienie zgodno\u015bci z normami i procedurami jako\u015bciowymi<\/li><\/ul>\n\n\n\n<p>Wymagamy<\/p>\n\n\n\n<ul><li>Zainteresowanie prac\u0105 w IT i testowaniem oprogramowania<\/li><li>Staranno\u015b\u0107, szczeg\u00f3\u0142owo\u015b\u0107 i zdolno\u015bci analityczne<\/li><li>Bieg\u0142o\u015b\u0107 w obs\u0142udze komputer\u00f3w PC i MAC<\/li><li>Umiej\u0119tno\u015b\u0107 pracy w zespole i komunikacji z deweloperami<\/li><li>Pracowito\u015b\u0107, szczeg\u00f3\u0142owo\u015b\u0107 i umiej\u0119tno\u015b\u0107 analizowania problem\u00f3w<\/li><li>Znajomo\u015b\u0107 narz\u0119dzi programistycznych takich jak JIRA i Git jest dodatkowym atutem<\/li><\/ul>\n\n\n\n<p>Oferujemy<\/p>\n\n\n\n<ul><li>Praca w pr\u0119\u017cnie rozwijaj\u0105cej si\u0119 firmie<\/li><li>Szkolenie i wsparcie przy podejmowaniu pracy<\/li><li>Szansa na wzrost i rozw\u00f3j kariery<\/li><li>Ciekaw\u0105 i dynamiczn\u0105 prac\u0119 w zespole profesjonalist\u00f3w<\/li><li>Przyjemne \u015brodowisko pracy i \u015bwietny zesp\u00f3\u0142<\/li><li>Po pracy na etacie mo\u017cliwo\u015b\u0107 pracy zdalnej.<\/li><\/ul>\n\n\n\n<p>Je\u015bli zainteresowa\u0142a Ci\u0119 ta oferta i chcia\u0142by\u015b sta\u0107 si\u0119 cz\u0119\u015bci\u0105 naszego zespo\u0142u, prze\u015blij nam swoje CV i list motywacyjny. Czekamy na Twoj\u0105 wiadomo\u015b\u0107!<\/p>","protected":false},"excerpt":{"rendered":"<p>We are looking for candidates who are interested in starting a career in software testing. If you are interested in working in IT, we have a great opportunity for you. Job Description: Manual testing of software and verification of its correct functionality Creating test plans and test scenarios Monitoring and reporting test results Collaborating with [&hellip;]<\/p>","protected":false},"author":1,"featured_media":0,"parent":0,"menu_order":0,"comment_status":"closed","ping_status":"closed","template":"","meta":[],"_links":{"self":[{"href":"https:\/\/autix.eu\/pl\/wp-json\/wp\/v2\/pages\/297"}],"collection":[{"href":"https:\/\/autix.eu\/pl\/wp-json\/wp\/v2\/pages"}],"about":[{"href":"https:\/\/autix.eu\/pl\/wp-json\/wp\/v2\/types\/page"}],"author":[{"embeddable":true,"href":"https:\/\/autix.eu\/pl\/wp-json\/wp\/v2\/users\/1"}],"replies":[{"embeddable":true,"href":"https:\/\/autix.eu\/pl\/wp-json\/wp\/v2\/comments?post=297"}],"version-history":[{"count":3,"href":"https:\/\/autix.eu\/pl\/wp-json\/wp\/v2\/pages\/297\/revisions"}],"predecessor-version":[{"id":301,"href":"https:\/\/autix.eu\/pl\/wp-json\/wp\/v2\/pages\/297\/revisions\/301"}],"wp:attachment":[{"href":"https:\/\/autix.eu\/pl\/wp-json\/wp\/v2\/media?parent=297"}],"curies":[{"name":"wp","href":"https:\/\/api.w.org\/{rel}","templated":true}]}}