{"id":77,"date":"2022-05-16T09:37:58","date_gmt":"2022-05-16T09:37:58","guid":{"rendered":"https:\/\/autix.eu\/?page_id=77"},"modified":"2022-05-23T11:31:57","modified_gmt":"2022-05-23T11:31:57","slug":"php-programmer","status":"publish","type":"page","link":"https:\/\/autix.eu\/cs\/php-programmer\/","title":{"rendered":"PHP program\u00e1tor"},"content":{"rendered":"<h2><\/h2>\n\n\n\n<p class=\" translation-block\">Bavilo by t\u011b pod\u00edlet se na <strong>rozvoji na\u0161eho vlastn\u00edho informa\u010dn\u00edho syst\u00e9mu<\/strong> z prost\u0159ed\u00ed automotive? Syst\u00e9m je postaven na frameworku <strong>Nette<\/strong>. Fantazii p\u0159i v\u00fdvoji se meze nekladou a ocen\u00edme z\u00e1jem zapojit se do n\u00e1vrhu \u0159e\u0161en\u00ed a  realizace vlastn\u00edch n\u00e1pad\u016f. Jsme <strong>mlad\u00fd a p\u0159\u00e1telsk\u00fd kolektiv<\/strong>, kde nen\u00ed pot\u0159eba m\u00edt obavy projevit <strong>vlastn\u00ed n\u00e1zor<\/strong> nebo konzultovat probl\u00e9my s ostatn\u00edmi, kte\u0159\u00ed radi pomohou. Pokud t\u011b tedy zaj\u00edm\u00e1 v\u00fdvoj v jazyce <strong>PHP<\/strong>, m\u00e1\u0161 z\u00e1jem se s t\u011bmito technologiemi d\u00e1le rozv\u00edjet, tak nebude p\u0159ek\u00e1\u017ekou, \u017ee nem\u00e1\u0161 bohat\u00e9 zku\u0161enosti s podobn\u00fdmi projekty. D\u016fle\u017eit\u00fd je v prv\u00e9 \u0159ad\u011b z\u00e1jem se u\u010dit a pod\u00edlet se na v\u00fdvoji. Nev\u00e1hej se ozvat pokud ti pokud ti popsan\u00e9 vlastnosti nesch\u00e1z\u00ed.<\/p>\n\n\n\n<p class=\" translation-block\"><strong>Kdo jsme my?<\/strong><br>\nVyv\u00edj\u00edme aplikaci pro <strong>autoservisy, eshopy a mana\u017eery<\/strong>, kte\u0159\u00ed cht\u011bj\u00ed m\u00edt svoji firmu pod kontrolou. Na\u0161e aplikace je pro v\u0161echny stejn\u00e1, \u010dili ne\u0159e\u0161\u00edme \u00fapravy pro jednoho, ale optimalizujeme po\u017eadavky tak, aby se funk\u010dnost hodila v\u0161em, stejn\u011b tak ka\u017ed\u00fd z\u00e1kazn\u00edk m\u00e1 aktu\u00e1ln\u00ed verzi. Sna\u017e\u00edme se naj\u00edt \u0159e\u0161en\u00ed, kter\u00e9 u\u017e n\u011bkdo dob\u0159e vymyslel, tak abychom zbyte\u010dn\u011b neduplikovali pr\u00e1ci jin\u00fdch, ale z\u00e1rove\u0148 p\u0159id\u00e1v\u00e1me funk\u010dnosti, kter\u00e9 t\u0159eba jin\u00ed nemaj\u00ed.<\/p>\n\n\n\n<h2>Co by t\u011b u n\u00e1s \u010dekalo?<\/h2>\n\n\n\n<ul><li class=\" translation-block\">zapoj\u00ed\u0161 se do <strong>anal\u00fdzy nov\u00fdch po\u017eadavk\u016f, n\u00e1vrhu jejich \u0159e\u0161en\u00ed<\/strong> a n\u00e1sledn\u00e9 <strong>realizace<\/strong> navr\u017een\u00fdch \u0159e\u0161en\u00ed<\/li><li class=\" translation-block\">k v\u00fdvoji bude\u0161 pou\u017e\u00edvat <strong>PHP, Nette, JavaScript<\/strong><\/li><\/ul>\n\n\n\n<h2>Bez \u010deho se u n\u00e1s neobejde\u0161?<\/h2>\n\n\n\n<ul><li>znalost z\u00e1klad\u016f <strong>PHP nebo jin\u00e9ho objektov\u011b orientovan\u00e9ho jazyka<\/strong><\/li><li>schopnost <strong>pr\u00e1ce v t\u00fdmu<\/strong> a samostatnost na homeoffice<\/li><li>minim\u00e1ln\u011b pasivn\u00ed znalost angli\u010dtiny pro \u010dten\u00ed dokumentace<\/li><\/ul>\n\n\n\n<h2>Co by byla pro tebe v\u00fdhoda d\u00e1le um\u011bt?<\/h2>\n\n\n\n<ul><li>znalost frameworku Nette a JavaScriptu<\/li><li>u frontendu bude pot\u0159eba zvl\u00e1dnout pracovat s&nbsp;<strong>HTML5, CSS, JavaScript<\/strong><\/li><li class=\" translation-block\">na backendu ur\u010dit\u011b znalost a praktickou <strong>zku\u0161enost s PHP a Nette<\/strong><\/li><li>znalost verzovac\u00edch n\u00e1stroj\u016f&nbsp;<strong>(GIT)<\/strong><\/li><li class=\" translation-block\">znalost <strong>SQL<\/strong> jazyka<\/li><li>schopnost pr\u00e1ce v t\u00fdmu azku\u0161enosti s metodikou agiln\u00edho v\u00fdvoje<\/li><li>zku\u0161enosti s metodikou agiln\u00edho v\u00fdvoje<\/li><\/ul>\n\n\n\n<h2>Co od n\u00e1s na opl\u00e1tku \u010dek\u00e1 na tebe?<\/h2>\n\n\n\n<ul><li>flexibiln\u00ed pracovn\u00ed doba + mo\u017enost home office (ze za\u010d\u00e1tku se budeme potk\u00e1vat v\u00edce, \u010dasem je povinn\u00e1 \u00fa\u010dast jen na standupech)<\/li><li>mo\u017enost se profesn\u011b rozv\u00edjet a realizovat sv\u00e9 n\u00e1pady<\/li><li>pracovat m\u016f\u017ee\u0161 na \u017eivnostensk\u00fd list nebo pracovn\u00ed smlouvu<\/li><li>dostane\u0161 u n\u00e1s k pr\u00e1ci slu\u017eebn\u00ed po\u010d\u00edta\u010d<\/li><li>p\u0159\u00edjemn\u00e9 a neform\u00e1ln\u00ed prost\u0159ed\u00ed a kolektiv<\/li><li>k\u00e1va, alkohol, v\u00fdjezdov\u00e9 pobyty a posezen\u00ed<\/li><\/ul>\n\n\n\n<p>Pokud t\u011b nab\u00eddka zaujala nebo by si se cht\u011bl na n\u011bco zeptat, nev\u00e1hej n\u00e1s pro v\u00edce informac\u00ed kontaktovat.<\/p>","protected":false},"excerpt":{"rendered":"<p>Would you like to&nbsp;participate in the development of our own automotive information system?&nbsp;The system is built on the&nbsp;Nette&nbsp;framework. There are no limits to imagination in development and we appreciate your interest in getting involved in the design of solutions and implementation of your own ideas.&nbsp;We are a young and friendly team, where there is no [&hellip;]<\/p>","protected":false},"author":1,"featured_media":0,"parent":0,"menu_order":0,"comment_status":"closed","ping_status":"closed","template":"","meta":[],"_links":{"self":[{"href":"https:\/\/autix.eu\/cs\/wp-json\/wp\/v2\/pages\/77"}],"collection":[{"href":"https:\/\/autix.eu\/cs\/wp-json\/wp\/v2\/pages"}],"about":[{"href":"https:\/\/autix.eu\/cs\/wp-json\/wp\/v2\/types\/page"}],"author":[{"embeddable":true,"href":"https:\/\/autix.eu\/cs\/wp-json\/wp\/v2\/users\/1"}],"replies":[{"embeddable":true,"href":"https:\/\/autix.eu\/cs\/wp-json\/wp\/v2\/comments?post=77"}],"version-history":[{"count":5,"href":"https:\/\/autix.eu\/cs\/wp-json\/wp\/v2\/pages\/77\/revisions"}],"predecessor-version":[{"id":82,"href":"https:\/\/autix.eu\/cs\/wp-json\/wp\/v2\/pages\/77\/revisions\/82"}],"wp:attachment":[{"href":"https:\/\/autix.eu\/cs\/wp-json\/wp\/v2\/media?parent=77"}],"curies":[{"name":"wp","href":"https:\/\/api.w.org\/{rel}","templated":true}]}}