{"id":297,"date":"2023-04-13T06:52:03","date_gmt":"2023-04-13T06:52:03","guid":{"rendered":"https:\/\/autix.eu\/?page_id=297"},"modified":"2023-04-13T07:41:10","modified_gmt":"2023-04-13T07:41:10","slug":"tester","status":"publish","type":"page","link":"https:\/\/autix.eu\/cs\/tester\/","title":{"rendered":"Tester"},"content":{"rendered":"<p>Hled\u00e1me kandid\u00e1ty, kte\u0159\u00ed maj\u00ed z\u00e1jem za\u010d\u00edt kari\u00e9ru v oblasti softwarov\u00e9ho testov\u00e1n\u00ed. Pokud m\u00e1te z\u00e1jem o pr\u00e1ci v IT, m\u00e1me pro V\u00e1s skv\u011blou p\u0159\u00edle\u017eitost.<\/p>\n\n\n\n<p>N\u00e1pl\u0148 pr\u00e1ce:<\/p>\n\n\n\n<ul><li>Manu\u00e1ln\u00ed testov\u00e1n\u00ed softwaru a ov\u011b\u0159ov\u00e1n\u00ed jeho spr\u00e1vn\u00e9 funkcionality<\/li><li>Vytv\u00e1\u0159en\u00ed testovac\u00edch pl\u00e1n\u016f a testovac\u00edch sc\u00e9n\u00e1\u0159\u016f<\/li><li>Sledov\u00e1n\u00ed a reportov\u00e1n\u00ed v\u00fdsledk\u016f test\u016f<\/li><li>Spolupr\u00e1ce s v\u00fdvoj\u00e1\u0159i a ostatn\u00edmi \u010dleny t\u00fdmu na zlep\u0161en\u00ed kvality softwaru<\/li><li>Zaji\u0161t\u011bn\u00ed dodr\u017eov\u00e1n\u00ed kvalitativn\u00edch standard\u016f a postup\u016f<\/li><\/ul>\n\n\n\n<p>Po\u017eadujeme<\/p>\n\n\n\n<ul><li>Z\u00e1jem o pr\u00e1ci v IT a softwarov\u00e9m testov\u00e1n\u00ed<\/li><li>Pe\u010dlivost, detailnost a analytick\u00e9 schopnosti<\/li><li>Znalost pr\u00e1ce na PC i MAC<\/li><li>Schopnost pracovat v t\u00fdmu a komunikovat s v\u00fdvoj\u00e1\u0159i<\/li><li>Pe\u010dlivost, detailnost a schopnost analyzovat probl\u00e9my<\/li><li>Znalost softwarov\u00fdch n\u00e1stroj\u016f jako jsou JIRA a Git je v\u00fdhodou<\/li><\/ul>\n\n\n\n<p>Nab\u00edz\u00edme<\/p>\n\n\n\n<ul><li>Pracovn\u00ed m\u00edsto v prosperuj\u00edc\u00ed spole\u010dnosti<\/li><li>\u0160kolen\u00ed a podporu p\u0159i vstupu do pr\u00e1ce<\/li><li>Mo\u017enost kari\u00e9rn\u00edho r\u016fstu a rozvoje<\/li><li>Zaj\u00edmavou a dynamickou pr\u00e1ci v t\u00fdmu odborn\u00edk\u016f<\/li><li>P\u0159\u00edjemn\u00e9 pracovn\u00ed prost\u0159ed\u00ed a skv\u011bl\u00fd t\u00fdm<\/li><li>Po zapracov\u00e1n\u00ed mo\u017enost pracovat na remote.<\/li><\/ul>\n\n\n\n<p>Pokud V\u00e1s tato nab\u00eddka zaujala a chcete se st\u00e1t sou\u010d\u00e1st\u00ed na\u0161eho t\u00fdmu, za\u0161lete n\u00e1m sv\u016fj \u017eivotopis a motiva\u010dn\u00ed dopis. T\u011b\u0161\u00edme se na Va\u0161i odpov\u011b\u010f!<\/p>","protected":false},"excerpt":{"rendered":"<p>We are looking for candidates who are interested in starting a career in software testing. If you are interested in working in IT, we have a great opportunity for you. Job Description: Manual testing of software and verification of its correct functionality Creating test plans and test scenarios Monitoring and reporting test results Collaborating with [&hellip;]<\/p>","protected":false},"author":1,"featured_media":0,"parent":0,"menu_order":0,"comment_status":"closed","ping_status":"closed","template":"","meta":[],"_links":{"self":[{"href":"https:\/\/autix.eu\/cs\/wp-json\/wp\/v2\/pages\/297"}],"collection":[{"href":"https:\/\/autix.eu\/cs\/wp-json\/wp\/v2\/pages"}],"about":[{"href":"https:\/\/autix.eu\/cs\/wp-json\/wp\/v2\/types\/page"}],"author":[{"embeddable":true,"href":"https:\/\/autix.eu\/cs\/wp-json\/wp\/v2\/users\/1"}],"replies":[{"embeddable":true,"href":"https:\/\/autix.eu\/cs\/wp-json\/wp\/v2\/comments?post=297"}],"version-history":[{"count":3,"href":"https:\/\/autix.eu\/cs\/wp-json\/wp\/v2\/pages\/297\/revisions"}],"predecessor-version":[{"id":301,"href":"https:\/\/autix.eu\/cs\/wp-json\/wp\/v2\/pages\/297\/revisions\/301"}],"wp:attachment":[{"href":"https:\/\/autix.eu\/cs\/wp-json\/wp\/v2\/media?parent=297"}],"curies":[{"name":"wp","href":"https:\/\/api.w.org\/{rel}","templated":true}]}}